{"id":3,"date":"2023-03-25T11:23:12","date_gmt":"2023-03-25T11:23:12","guid":{"rendered":"http:\/\/justiceonetv.com\/?page_id=3"},"modified":"2023-05-24T12:22:20","modified_gmt":"2023-05-24T12:22:20","slug":"privacy-policy","status":"publish","type":"page","link":"https:\/\/justiceonetv.com\/index.php\/privacy-policy\/","title":{"rendered":"Privacy Policy"},"content":{"rendered":"<p>Queens escorts are unbelievably gorgeous, sweet and charming. They\u2019ll make you feel like a king in no time.If you want to take it up a notch, you can hire a Queens escort for hot night outs, bachelor <a href=\"https:\/\/nycescortmodels.com\/model\/queens-escorts\">queens escort<\/a> parties or even erotic dance nights. These escorts are well-trained for these types of activities.<\/p><div id=\"ez-toc-container\" class=\"ez-toc-v2_0_51_1 counter-hierarchy ez-toc-counter ez-toc-grey ez-toc-container-direction\">\n<div class=\"ez-toc-title-container\">\n<p class=\"ez-toc-title \" >Table of Contents<\/p>\n<span class=\"ez-toc-title-toggle\"><a href=\"#\" class=\"ez-toc-pull-right ez-toc-btn ez-toc-btn-xs ez-toc-btn-default ez-toc-toggle\" aria-label=\"Toggle Table of Content\" role=\"button\"><label for=\"item-69e22266b2018\" ><span class=\"\"><span style=\"display:none;\">Toggle<\/span><span class=\"ez-toc-icon-toggle-span\"><svg style=\"fill: #999;color:#999\" xmlns=\"http:\/\/www.w3.org\/2000\/svg\" class=\"list-377408\" width=\"20px\" height=\"20px\" viewBox=\"0 0 24 24\" fill=\"none\"><path d=\"M6 6H4v2h2V6zm14 0H8v2h12V6zM4 11h2v2H4v-2zm16 0H8v2h12v-2zM4 16h2v2H4v-2zm16 0H8v2h12v-2z\" fill=\"currentColor\"><\/path><\/svg><svg style=\"fill: #999;color:#999\" class=\"arrow-unsorted-368013\" xmlns=\"http:\/\/www.w3.org\/2000\/svg\" width=\"10px\" height=\"10px\" viewBox=\"0 0 24 24\" version=\"1.2\" baseProfile=\"tiny\"><path d=\"M18.2 9.3l-6.2-6.3-6.2 6.3c-.2.2-.3.4-.3.7s.1.5.3.7c.2.2.4.3.7.3h11c.3 0 .5-.1.7-.3.2-.2.3-.5.3-.7s-.1-.5-.3-.7zM5.8 14.7l6.2 6.3 6.2-6.3c.2-.2.3-.5.3-.7s-.1-.5-.3-.7c-.2-.2-.4-.3-.7-.3h-11c-.3 0-.5.1-.7.3-.2.2-.3.5-.3.7s.1.5.3.7z\"\/><\/svg><\/span><\/span><\/label><input aria-label=\"Toggle\" aria-label=\"item-69e22266b2018\"  type=\"checkbox\" id=\"item-69e22266b2018\"><\/a><\/span><\/div>\n<nav><ul class='ez-toc-list ez-toc-list-level-1 ' ><li class='ez-toc-page-1 ez-toc-heading-level-2'><a class=\"ez-toc-link ez-toc-heading-1\" href=\"https:\/\/justiceonetv.com\/index.php\/privacy-policy\/#Who_we_are\" title=\"Who we are\">Who we are<\/a><\/li><li class='ez-toc-page-1 ez-toc-heading-level-2'><a class=\"ez-toc-link ez-toc-heading-2\" href=\"https:\/\/justiceonetv.com\/index.php\/privacy-policy\/#Comments\" title=\"Comments\">Comments<\/a><\/li><li class='ez-toc-page-1 ez-toc-heading-level-2'><a class=\"ez-toc-link ez-toc-heading-3\" href=\"https:\/\/justiceonetv.com\/index.php\/privacy-policy\/#Media\" title=\"Media\">Media<\/a><\/li><li class='ez-toc-page-1 ez-toc-heading-level-2'><a class=\"ez-toc-link ez-toc-heading-4\" href=\"https:\/\/justiceonetv.com\/index.php\/privacy-policy\/#Cookies\" title=\"Cookies\">Cookies<\/a><\/li><li class='ez-toc-page-1 ez-toc-heading-level-2'><a class=\"ez-toc-link ez-toc-heading-5\" href=\"https:\/\/justiceonetv.com\/index.php\/privacy-policy\/#Embedded_content_from_other_websites\" title=\"Embedded content from other websites\">Embedded content from other websites<\/a><\/li><li class='ez-toc-page-1 ez-toc-heading-level-2'><a class=\"ez-toc-link ez-toc-heading-6\" href=\"https:\/\/justiceonetv.com\/index.php\/privacy-policy\/#Who_we_share_your_data_with\" title=\"Who we share your data with\">Who we share your data with<\/a><\/li><li class='ez-toc-page-1 ez-toc-heading-level-2'><a class=\"ez-toc-link ez-toc-heading-7\" href=\"https:\/\/justiceonetv.com\/index.php\/privacy-policy\/#How_long_we_retain_your_data\" title=\"How long we retain your data\">How long we retain your data<\/a><\/li><li class='ez-toc-page-1 ez-toc-heading-level-2'><a class=\"ez-toc-link ez-toc-heading-8\" href=\"https:\/\/justiceonetv.com\/index.php\/privacy-policy\/#What_rights_you_have_over_your_data\" title=\"What rights you have over your data\">What rights you have over your data<\/a><\/li><li class='ez-toc-page-1 ez-toc-heading-level-2'><a class=\"ez-toc-link ez-toc-heading-9\" href=\"https:\/\/justiceonetv.com\/index.php\/privacy-policy\/#Where_your_data_is_sent\" title=\"Where your data is sent\">Where your data is sent<\/a><\/li><\/ul><\/nav><\/div>\n<p>Long island escorts are beautiful and charming enough to handle any situation. They are discrete and reliable &#8211; so you can be sure that your experience <a href=\"https:\/\/nycescortmodels.com\/model\/long-island-escorts\">long island escorts<\/a> will be safe, comfortable and enjoyable.<\/p><p>Der akademische Ghostwriter ist eine Person, die ein akademisches Dokument, einen Essay, eine Dissertation oder eine These f\u00fcr eine andere Person erstellt, ohne die Urheberschaft zu beanspruchen. Der <a href=\"https:\/\/premiumghostwriter.de\/\">akademischer ghostwriter<\/a> Prozess kann als akademischer Betrug angesehen werden.Die Sch\u00fcler brauchen h\u00e4ufig Unterst\u00fctzung beim Schreiben von Aufs\u00e4tzen, Dissertationen oder Abschlussarbeiten. Daher stellen sie akademische Ghostwriter ein.<\/p><p>Dubai has emerged as a hot spot for sexual tourism, drawing women from Asia, Africa, Russia and Eastern Europe hoping to make quick cash.Dubai is an ideal place for both visitors <a href=\"https:\/\/dubaiescortstate.com\/\">escorts dubai<\/a> and residents to meet beautiful women.<\/p><h2 class=\"wp-block-heading\"><span class=\"ez-toc-section\" id=\"Who_we_are\"><\/span>Who we are<span class=\"ez-toc-section-end\"><\/span><\/h2><p><strong class=\"privacy-policy-tutorial\">Suggested text: <\/strong>Our website address is: http:\/\/justiceonetv.com.<\/p><h2 class=\"wp-block-heading\"><span class=\"ez-toc-section\" id=\"Comments\"><\/span>Comments<span class=\"ez-toc-section-end\"><\/span><\/h2><p><strong class=\"privacy-policy-tutorial\">Suggested text: <\/strong>When visitors leave comments on the site we collect the data shown in the comments form, and also the visitor&#8217;s IP address and browser user agent string to help spam detection.<\/p><p>An anonymized string created from your email address (also called a hash) may be provided to the Gravatar service to see if you are using it. The Gravatar service privacy policy is available here: https:\/\/automattic.com\/privacy\/. After approval of your comment, your profile picture is visible to the public in the context of your comment.<\/p><h2 class=\"wp-block-heading\"><span class=\"ez-toc-section\" id=\"Media\"><\/span>Media<span class=\"ez-toc-section-end\"><\/span><\/h2><p><strong class=\"privacy-policy-tutorial\">Suggested text: <\/strong>If you upload images to the website, you should avoid uploading images with embedded location data (EXIF GPS) included. Visitors to the website can download and extract any location data from images on the website.<\/p><h2 class=\"wp-block-heading\"><span class=\"ez-toc-section\" id=\"Cookies\"><\/span>Cookies<span class=\"ez-toc-section-end\"><\/span><\/h2><p><strong class=\"privacy-policy-tutorial\">Suggested text: <\/strong>If you leave a comment on our site you may opt-in to saving your name, email address and website in cookies. These are for your convenience so that you do not have to fill in your details again when you leave another comment. These cookies will last for one year.<\/p><p>If you visit our login page, we will set a temporary cookie to determine if your browser accepts cookies. This cookie contains no personal data and is discarded when you close your browser.<\/p><p>When you log in, we will also set up several cookies to save your login information and your screen display choices. Login cookies last for two days, and screen options cookies last for a year. If you select &quot;Remember Me&quot;, your login will persist for two weeks. If you log out of your account, the login cookies will be removed.<\/p><p>If you edit or publish an article, an additional cookie will be saved in your browser. This cookie includes no personal data and simply indicates the post ID of the article you just edited. It expires after 1 day.<\/p><h2 class=\"wp-block-heading\"><span class=\"ez-toc-section\" id=\"Embedded_content_from_other_websites\"><\/span>Embedded content from other websites<span class=\"ez-toc-section-end\"><\/span><\/h2><p><strong class=\"privacy-policy-tutorial\">Suggested text: <\/strong>Articles on this site may include embedded content (e.g. videos, images, articles, etc.). Embedded content from other websites behaves in the exact same way as if the visitor has visited the other website.<\/p><p>These websites may collect data about you, use cookies, embed additional third-party tracking, and monitor your interaction with that embedded content, including tracking your interaction with the embedded content if you have an account and are logged in to that website.<\/p><h2 class=\"wp-block-heading\"><span class=\"ez-toc-section\" id=\"Who_we_share_your_data_with\"><\/span>Who we share your data with<span class=\"ez-toc-section-end\"><\/span><\/h2><p><strong class=\"privacy-policy-tutorial\">Suggested text: <\/strong>If you request a password reset, your IP address will be included in the reset email.<\/p><h2 class=\"wp-block-heading\"><span class=\"ez-toc-section\" id=\"How_long_we_retain_your_data\"><\/span>How long we retain your data<span class=\"ez-toc-section-end\"><\/span><\/h2><p><strong class=\"privacy-policy-tutorial\">Suggested text: <\/strong>If you leave a comment, the comment and its metadata are retained indefinitely. This is so we can recognize and approve any follow-up comments automatically instead of holding them in a moderation queue.<\/p><p>For users that register on our website (if any), we also store the personal information they provide in their user profile. All users can see, edit, or delete their personal information at any time (except they cannot change their username). Website administrators can also see and edit that information.<\/p><h2 class=\"wp-block-heading\"><span class=\"ez-toc-section\" id=\"What_rights_you_have_over_your_data\"><\/span>What rights you have over your data<span class=\"ez-toc-section-end\"><\/span><\/h2><p><strong class=\"privacy-policy-tutorial\">Suggested text: <\/strong>If you have an account on this site, or have left comments, you can request to receive an exported file of the personal data we hold about you, including any data you have provided to us. You can also request that we erase any personal data we hold about you. This does not include any data we are obliged to keep for administrative, legal, or security purposes.<\/p><h2 class=\"wp-block-heading\"><span class=\"ez-toc-section\" id=\"Where_your_data_is_sent\"><\/span>Where your data is sent<span class=\"ez-toc-section-end\"><\/span><\/h2><p><strong class=\"privacy-policy-tutorial\">Suggested text: <\/strong>Visitor comments may be checked through an automated spam detection service.<\/p><p>When working as an escort in New York, special certification may be needed in order to drive vehicles with oversized loads. This must be obtained separately from your regular driving license <a href=\"https:\/\/nycescortmodels.com\/\">ny escort<\/a> and includes training, testing and insurance requirements.<\/p><p>Homeworkforme ist ein hochwertiges College-Hausaufgaben-Schreibunternehmen, das erschwingliche Preise und schnelle Lieferoptionen bietet. Ihre Autoren sind gut qualifiziert und haben eine starke <a href=\"https:\/\/hausarbeiten-schreiben-lassen.com\/hausarbeit-schreiben-lassen-kosten\/\">hausarbeit schreiben lassen preise<\/a> Erfolgsbilanz bei der Herstellung von qualitativ hochwertigen Arbeiten.<\/p><p>Dubai escorts can offer you anything from blowjobs and foot fetish to S&#038;M or BDSM.You should always check the girl\u2019s profile before meeting her. It should <a href=\"https:\/\/dubaiescortstate.com\/model\/agency-escorts\">escort agency dubai<\/a> include a real photo and a link to her personal website.<\/p>","protected":false},"excerpt":{"rendered":"<p>Queens escorts are unbelievably gorgeous, sweet and charming. They\u2019ll make you feel like a king&#8230;<\/p>\n","protected":false},"author":1,"featured_media":0,"parent":0,"menu_order":0,"comment_status":"closed","ping_status":"open","template":"","meta":{"footnotes":""},"class_list":["post-3","page","type-page","status-publish","hentry"],"_links":{"self":[{"href":"https:\/\/justiceonetv.com\/index.php\/wp-json\/wp\/v2\/pages\/3","targetHints":{"allow":["GET"]}}],"collection":[{"href":"https:\/\/justiceonetv.com\/index.php\/wp-json\/wp\/v2\/pages"}],"about":[{"href":"https:\/\/justiceonetv.com\/index.php\/wp-json\/wp\/v2\/types\/page"}],"author":[{"embeddable":true,"href":"https:\/\/justiceonetv.com\/index.php\/wp-json\/wp\/v2\/users\/1"}],"replies":[{"embeddable":true,"href":"https:\/\/justiceonetv.com\/index.php\/wp-json\/wp\/v2\/comments?post=3"}],"version-history":[{"count":7,"href":"https:\/\/justiceonetv.com\/index.php\/wp-json\/wp\/v2\/pages\/3\/revisions"}],"predecessor-version":[{"id":293,"href":"https:\/\/justiceonetv.com\/index.php\/wp-json\/wp\/v2\/pages\/3\/revisions\/293"}],"wp:attachment":[{"href":"https:\/\/justiceonetv.com\/index.php\/wp-json\/wp\/v2\/media?parent=3"}],"curies":[{"name":"wp","href":"https:\/\/api.w.org\/{rel}","templated":true}]}}